{"id":5688,"date":"2022-01-19T11:08:19","date_gmt":"2022-01-19T10:08:19","guid":{"rendered":"https:\/\/avantgarde-labs.com\/?page_id=5688"},"modified":"2022-01-19T11:24:55","modified_gmt":"2022-01-19T10:24:55","slug":"datenschutzbestimmungen","status":"publish","type":"page","link":"https:\/\/avantgarde-labs.com\/de\/datenschutzbestimmungen\/","title":{"rendered":"Datenschutzbestimmungen"},"content":{"rendered":"\t\t<div data-elementor-type=\"wp-page\" data-elementor-id=\"5688\" class=\"elementor elementor-5688\" data-elementor-post-type=\"page\">\n\t\t\t\t\t\t<section class=\"elementor-section elementor-top-section elementor-element elementor-element-fbd574b elementor-section-height-min-height elementor-section-items-bottom elementor-section-boxed elementor-section-height-default\" data-id=\"fbd574b\" data-element_type=\"section\" data-e-type=\"section\" data-settings=\"{&quot;background_background&quot;:&quot;classic&quot;,&quot;shape_divider_bottom&quot;:&quot;tilt&quot;}\">\n\t\t\t\t\t<div class=\"elementor-shape elementor-shape-bottom\" aria-hidden=\"true\" data-negative=\"false\">\n\t\t\t<svg xmlns=\"http:\/\/www.w3.org\/2000\/svg\" viewBox=\"0 0 1000 100\" preserveAspectRatio=\"none\">\n\t<path class=\"elementor-shape-fill\" d=\"M0,6V0h1000v100L0,6z\"\/>\n<\/svg>\t\t<\/div>\n\t\t\t\t\t<div class=\"elementor-container elementor-column-gap-default\">\n\t\t\t\t\t<div class=\"elementor-column elementor-col-100 elementor-top-column elementor-element elementor-element-fa013ad landing-top\" data-id=\"fa013ad\" data-element_type=\"column\" data-e-type=\"column\">\n\t\t\t<div class=\"elementor-widget-wrap elementor-element-populated\">\n\t\t\t\t\t\t<div class=\"elementor-element elementor-element-025e30f headline elementor-widget elementor-widget-heading\" data-id=\"025e30f\" data-element_type=\"widget\" data-e-type=\"widget\" data-widget_type=\"heading.default\">\n\t\t\t\t<div class=\"elementor-widget-container\">\n\t\t\t\t\t<h1 class=\"elementor-heading-title elementor-size-default\">Datenschutz<\/h1>\t\t\t\t<\/div>\n\t\t\t\t<\/div>\n\t\t\t\t<div class=\"elementor-element elementor-element-7022c01 subline elementor-widget elementor-widget-heading\" data-id=\"7022c01\" data-element_type=\"widget\" data-e-type=\"widget\" data-widget_type=\"heading.default\">\n\t\t\t\t<div class=\"elementor-widget-container\">\n\t\t\t\t\t<h2 class=\"elementor-heading-title elementor-size-default\">Datenschutz-Information gem\u00e4\u00df Art. 13 Datenschutz-Grundverordnung (DS-GVO) \u00fcber die Verarbeitung personenbezogener Daten von Vertragspartnern<\/h2>\t\t\t\t<\/div>\n\t\t\t\t<\/div>\n\t\t\t\t\t<\/div>\n\t\t<\/div>\n\t\t\t\t\t<\/div>\n\t\t<\/section>\n\t\t\t\t<section class=\"elementor-section elementor-top-section elementor-element elementor-element-e3fc01f elementor-section-boxed elementor-section-height-default elementor-section-height-default\" data-id=\"e3fc01f\" data-element_type=\"section\" data-e-type=\"section\">\n\t\t\t\t\t\t<div class=\"elementor-container elementor-column-gap-default\">\n\t\t\t\t\t<div class=\"elementor-column elementor-col-100 elementor-top-column elementor-element elementor-element-91c0c06\" data-id=\"91c0c06\" data-element_type=\"column\" data-e-type=\"column\">\n\t\t\t<div class=\"elementor-widget-wrap elementor-element-populated\">\n\t\t\t\t\t\t<div class=\"elementor-element elementor-element-903019c elementor-widget elementor-widget-text-editor\" data-id=\"903019c\" data-element_type=\"widget\" data-e-type=\"widget\" data-widget_type=\"text-editor.default\">\n\t\t\t\t<div class=\"elementor-widget-container\">\n\t\t\t\t\t\t\t\t\t<h3>Verantwortlicher:<\/h3><p>Avantgarde Labs GmbH<br \/>vertreten durch Torsten Hartmann<br \/>Theresienstra\u00dfe 9, 01097 Dresden<br \/>Telefon: 0351 &#8211; 215 908 34<br \/>E-Mail: <a href=\"mailto:info@avantgarde-labs.de\" target=\"_blank\" rel=\"noopener\">info@avantgarde-labs.de<\/a><br \/>Internet: <a href=\"https:\/\/avantgarde-labs.com\" target=\"_blank\" rel=\"noopener\">https:\/\/avantgarde-labs.com<\/a><br \/><br \/><\/p><h3>Datenschutzbeauftragte\/r:<\/h3><p>Dresdner Institut f\u00fcr Datenschutz<br \/>Hospitalstra\u00dfe 4, 01097 Dresden<br \/>Telefon: +49 351 655 722 0<br \/>E-Mail: <a href=\"mailto:m.just@dids.de\" target=\"_blank\" rel=\"noopener\">m.just@dids.de<\/a><br \/>Internet: <a href=\"https:\/\/www.dids.de\" target=\"_blank\" rel=\"noopener\">www.dids.de<\/a><br \/><br \/><\/p><h3>Verarbeitungszwecke sowie Rechtsgrundlage:<\/h3><p>Wir verarbeiten die von Ihnen bereitgestellten personenbezogenen Daten f\u00fcr die Anbahnung, Aufrechterhaltung und Abwicklung zwischen uns abgeschlossener Vertr\u00e4ge\/Auftr\u00e4ge, zur Erf\u00fcllung vertraglicher Verpflichtungen sowie f\u00fcr die Erf\u00fcllung gesetzlicher Verpflichtungen. Die Rechtsgrundlage zur Datenverarbeitung ist die Erf\u00fcllung eines Vertrages und Durchf\u00fchrung vorvertraglicher Ma\u00dfnahmen gem\u00e4\u00df Art. 6 Abs. 1 S. 1 lit. b DS-GVO sowie die Erf\u00fcllung gesetzlicher Verpflichtungen gem\u00e4\u00df Art. 6 Abs. 1 S. 1 lit. c DS-GVO. Eine \u00fcber die vorgenannten Zwecke hinausgehende Verarbeitung personenbezogener Daten findet nur statt, sowie uns eine Einwilligungserkl\u00e4rung des Betroffenen gem\u00e4\u00df Art. 6 Abs. 1 S. 1 lit. a DS-GVO vorliegt.<br \/><br \/><\/p><h3>Empf\u00e4nger bei Daten\u00fcbermittlung:<\/h3><p>Es erfolgt eine \u00dcbermittlung an die am jeweiligen Auftrag beteiligten Dritte wie bspw. Projekttr\u00e4ger, Nachauftragnehmer, Gerichte, Finanzbeh\u00f6rden o.\u00e4., soweit dies zum Erreichen der Verarbeitungszwecke erforderlich ist oder wir die Daten aus gesetzlichen Gr\u00fcnden zwingend \u00fcbermitteln m\u00fcssen.<br \/><br \/><\/p><h3>Dienstleister:<\/h3><p>Mit von uns eingesetzten Dienstleistern bestehen Vertr\u00e4ge zu Auftragsverarbeitung gem\u00e4\u00df Art. 28 DS-GVO.<br \/><br \/><\/p><h3>Absicht eines Drittlandtransfers:<\/h3><p>Wir setzen Dienstleister in datenschutzrechtlichen Drittl\u00e4ndern ein. Derartige Daten\u00fcbermittlungen erfolgen jedoch nur, wenn die besonderen Voraussetzungen der Art. 44 ff. DS-GVO erf\u00fcllt sind (z.B. durch Abschluss von Standarddatenschutzklauseln). N\u00e4here Informationen hierzu erhalten Sie durch unseren Datenschutzbeauftragten unter den oben angegebenen Kontaktdaten.<br \/><br \/><\/p><h3>Dauer der Speicherung:<\/h3><p>Wir verarbeiten und speichern Ihre Daten, solange es f\u00fcr die Erf\u00fcllung der oben genannten Zwecke, insbesondere vertraglicher und gesetzlicher Pflichten erforderlich ist. Sind die Daten f\u00fcr die Erf\u00fcllung der Zwecke nicht mehr erforderlich, werden diese regelm\u00e4\u00dfig gel\u00f6scht, es sei denn, deren befristete Weiterverarbeitung ist erforderlich (Eingreifen gesetzlicher Aufbewahrungsfristen). Sofern die Datenverarbeitung auf einer Einwilligung beruht, l\u00f6schen wir die betroffenen personenbezogenen Daten, wenn die Einwilligung durch den Betroffenen widerrufen wird und keine anderweitige Rechtsgrundlage greift.<br \/><br \/><\/p><h3>Hinweise auf Betroffenenrechte:<\/h3><p>Betroffene k\u00f6nnen jederzeit Auskunft \u00fcber die sie betreffenden personenbezogenen Daten sowie gegebenenfalls Berichtigung oder L\u00f6schung beziehungsweise Einschr\u00e4nkung der Verarbeitung verlangen oder einer Verarbeitung widersprechen. Au\u00dferdem besteht zu ihren Gunsten ein Recht auf Daten\u00fcbertragbarkeit. Dar\u00fcber hinaus kann, sofern die Datenverarbeitung aufgrund einer Einwilligung durchgef\u00fchrt wird, diese jederzeit f\u00fcr die Zukunft widerrufen werden. Zur Aus\u00fcbung Ihrer Rechte steht Ihnen unser Datenschutzbeauftragter unter den oben genannten Kontaktdaten zur Verf\u00fcgung.<br \/><br \/><\/p><h3>Beschwerderecht bei der Aufsichtsbeh\u00f6rde:<\/h3><p>Es besteht f\u00fcr jede betroffene Person gem\u00e4\u00df Art. 77 DS-GVO ein Recht auf Beschwerde bei einer Datenschutzaufsichtsbeh\u00f6rde, wenn vermutet wird, dass die Verarbeitung der personenbezogenen Daten rechtswidrig erfolgt.<\/p>\t\t\t\t\t\t\t\t<\/div>\n\t\t\t\t<\/div>\n\t\t\t\t\t<\/div>\n\t\t<\/div>\n\t\t\t\t\t<\/div>\n\t\t<\/section>\n\t\t\t\t<\/div>\n\t\t","protected":false},"excerpt":{"rendered":"<p>Datenschutz Datenschutz-Information gem\u00e4\u00df Art. 13 Datenschutz-Grundverordnung (DS-GVO) \u00fcber die Verarbeitung personenbezogener Daten von Vertragspartnern Verantwortlicher: Avantgarde Labs GmbH vertreten durch Torsten Hartmann Theresienstra\u00dfe 9, 01097 Dresden Telefon: 0351 &#8211; 215 908 34 E-Mail: info@avantgarde-labs.de Internet: https:\/\/avantgarde-labs.com Datenschutzbeauftragte\/r: Dresdner Institut f\u00fcr Datenschutz Hospitalstra\u00dfe 4, 01097 Dresden Telefon: +49 351 655 722 0 E-Mail: m.just@dids.de Internet: www.dids.de [&hellip;]<\/p>\n","protected":false},"author":1,"featured_media":1627,"parent":0,"menu_order":123,"comment_status":"closed","ping_status":"closed","template":"","meta":{"_acf_changed":false,"site-sidebar-layout":"no-sidebar","site-content-layout":"page-builder","ast-site-content-layout":"default","site-content-style":"default","site-sidebar-style":"default","ast-global-header-display":"","ast-banner-title-visibility":"","ast-main-header-display":"","ast-hfb-above-header-display":"","ast-hfb-below-header-display":"","ast-hfb-mobile-header-display":"","site-post-title":"disabled","ast-breadcrumbs-content":"","ast-featured-img":"disabled","footer-sml-layout":"","ast-disable-related-posts":"","theme-transparent-header-meta":"default","adv-header-id-meta":"","stick-header-meta":"default","header-above-stick-meta":"","header-main-stick-meta":"","header-below-stick-meta":"","astra-migrate-meta-layouts":"default","ast-page-background-enabled":"default","ast-page-background-meta":{"desktop":{"background-color":"var(--ast-global-color-4)","background-image":"","background-repeat":"repeat","background-position":"center center","background-size":"auto","background-attachment":"scroll","background-type":"","background-media":"","overlay-type":"","overlay-color":"","overlay-opacity":"","overlay-gradient":""},"tablet":{"background-color":"","background-image":"","background-repeat":"repeat","background-position":"center center","background-size":"auto","background-attachment":"scroll","background-type":"","background-media":"","overlay-type":"","overlay-color":"","overlay-opacity":"","overlay-gradient":""},"mobile":{"background-color":"","background-image":"","background-repeat":"repeat","background-position":"center center","background-size":"auto","background-attachment":"scroll","background-type":"","background-media":"","overlay-type":"","overlay-color":"","overlay-opacity":"","overlay-gradient":""}},"ast-content-background-meta":{"desktop":{"background-color":"var(--ast-global-color-5)","background-image":"","background-repeat":"repeat","background-position":"center center","background-size":"auto","background-attachment":"scroll","background-type":"","background-media":"","overlay-type":"","overlay-color":"","overlay-opacity":"","overlay-gradient":""},"tablet":{"background-color":"var(--ast-global-color-5)","background-image":"","background-repeat":"repeat","background-position":"center center","background-size":"auto","background-attachment":"scroll","background-type":"","background-media":"","overlay-type":"","overlay-color":"","overlay-opacity":"","overlay-gradient":""},"mobile":{"background-color":"var(--ast-global-color-5)","background-image":"","background-repeat":"repeat","background-position":"center center","background-size":"auto","background-attachment":"scroll","background-type":"","background-media":"","overlay-type":"","overlay-color":"","overlay-opacity":"","overlay-gradient":""}},"footnotes":""},"class_list":["post-5688","page","type-page","status-publish","has-post-thumbnail","hentry"],"acf":[],"_links":{"self":[{"href":"https:\/\/avantgarde-labs.com\/de\/wp-json\/wp\/v2\/pages\/5688","targetHints":{"allow":["GET"]}}],"collection":[{"href":"https:\/\/avantgarde-labs.com\/de\/wp-json\/wp\/v2\/pages"}],"about":[{"href":"https:\/\/avantgarde-labs.com\/de\/wp-json\/wp\/v2\/types\/page"}],"author":[{"embeddable":true,"href":"https:\/\/avantgarde-labs.com\/de\/wp-json\/wp\/v2\/users\/1"}],"replies":[{"embeddable":true,"href":"https:\/\/avantgarde-labs.com\/de\/wp-json\/wp\/v2\/comments?post=5688"}],"version-history":[{"count":5,"href":"https:\/\/avantgarde-labs.com\/de\/wp-json\/wp\/v2\/pages\/5688\/revisions"}],"predecessor-version":[{"id":5694,"href":"https:\/\/avantgarde-labs.com\/de\/wp-json\/wp\/v2\/pages\/5688\/revisions\/5694"}],"wp:featuredmedia":[{"embeddable":true,"href":"https:\/\/avantgarde-labs.com\/de\/wp-json\/wp\/v2\/media\/1627"}],"wp:attachment":[{"href":"https:\/\/avantgarde-labs.com\/de\/wp-json\/wp\/v2\/media?parent=5688"}],"curies":[{"name":"wp","href":"https:\/\/api.w.org\/{rel}","templated":true}]}}